{"id":1008,"date":"2016-08-18T10:48:38","date_gmt":"2016-08-18T08:48:38","guid":{"rendered":"https:\/\/www.eschkg.ch\/?page_id=1008"},"modified":"2025-03-25T14:58:21","modified_gmt":"2025-03-25T13:58:21","slug":"steuerung-und-fuehrung","status":"publish","type":"page","link":"https:\/\/www.eschkg.ch\/?page_id=1008&lang=fr","title":{"rendered":"Direction du projet e-LP"},"content":{"rendered":"<p><strong>Mandant<\/strong><br \/>\nSerge Guignard, Vice-directeur et chef de l&#8217;unit\u00e9 de direction Services centraux, Office f\u00e9d\u00e9ral de la justice (OFJ)<\/p>\n<p><strong>Responsable du projet<\/strong><br \/>\nStefan Podolak, Umsetzungsprojektmanager E-Government, OFJ<\/p>\n<p><strong>Direction technique du projet, mandat\u00e9e par l\u2019OFJ<\/strong><br \/>\nIndato GmbH, Bern<\/p>\n<p><strong>Service de haute surveillance LP<\/strong><br \/>\nRodrigo Rodriguez, conseiller scientifique, Domaine de direction Droit priv\u00e9, OFJ<\/p>\n","protected":false},"excerpt":{"rendered":"<p>Mandant Serge Guignard, Vice-directeur et chef de l&#8217;unit\u00e9 de direction Services centraux, Office f\u00e9d\u00e9ral de la justice (OFJ) Responsable du projet Stefan Podolak, Umsetzungsprojektmanager E-Government, OFJ Direction technique du projet, mandat\u00e9e par l\u2019OFJ Indato GmbH, Bern Service de haute surveillance LP Rodrigo Rodriguez, conseiller scientifique, Domaine de direction Droit priv\u00e9, OFJ<\/p>\n","protected":false},"author":1,"featured_media":0,"parent":0,"menu_order":0,"comment_status":"closed","ping_status":"closed","template":"","meta":{"inline_featured_image":false,"footnotes":""},"class_list":["post-1008","page","type-page","status-publish","hentry"],"_links":{"self":[{"href":"https:\/\/www.eschkg.ch\/index.php?rest_route=\/wp\/v2\/pages\/1008","targetHints":{"allow":["GET"]}}],"collection":[{"href":"https:\/\/www.eschkg.ch\/index.php?rest_route=\/wp\/v2\/pages"}],"about":[{"href":"https:\/\/www.eschkg.ch\/index.php?rest_route=\/wp\/v2\/types\/page"}],"author":[{"embeddable":true,"href":"https:\/\/www.eschkg.ch\/index.php?rest_route=\/wp\/v2\/users\/1"}],"replies":[{"embeddable":true,"href":"https:\/\/www.eschkg.ch\/index.php?rest_route=%2Fwp%2Fv2%2Fcomments&post=1008"}],"version-history":[{"count":5,"href":"https:\/\/www.eschkg.ch\/index.php?rest_route=\/wp\/v2\/pages\/1008\/revisions"}],"predecessor-version":[{"id":2769,"href":"https:\/\/www.eschkg.ch\/index.php?rest_route=\/wp\/v2\/pages\/1008\/revisions\/2769"}],"wp:attachment":[{"href":"https:\/\/www.eschkg.ch\/index.php?rest_route=%2Fwp%2Fv2%2Fmedia&parent=1008"}],"curies":[{"name":"wp","href":"https:\/\/api.w.org\/{rel}","templated":true}]}}