{"id":1076,"date":"2016-08-18T10:56:18","date_gmt":"2016-08-18T08:56:18","guid":{"rendered":"https:\/\/www.eschkg.ch\/?page_id=1076"},"modified":"2025-06-26T14:35:16","modified_gmt":"2025-06-26T12:35:16","slug":"fruehere-versionen","status":"publish","type":"page","link":"https:\/\/www.eschkg.ch\/?page_id=1076&lang=fr","title":{"rendered":"Versions ant\u00e9rieures"},"content":{"rendered":"\n<p>La version 2.1.01 n&#8217;est officiellement plus prise en charge depuis le 1er juillet 2025. Depuis cette date, les offices des poursuites sont habilit\u00e9s \u00e0 rejeter les d\u00e9clarations transmises dans ces versions.<\/p>\n\n\n\n<p>XML Schema 2.1.01 (<a rel=\"noreferrer noopener\" href=\"https:\/\/www.eschkg.ch\/wp-content\/uploads\/2017\/02\/eSchKG_2.1.01.xsd\" target=\"_blank\">XSD<\/a>)  |  Manuels techniques 2.1.01 (<a rel=\"noreferrer noopener\" href=\"https:\/\/www.eschkg.ch\/wp-content\/uploads\/2019\/08\/e-LP_manuels-techniques_2.1.01_2017.pdf\" target=\"_blank\">PDF<\/a>)<\/p>\n\n\n\n<hr class=\"wp-block-separator has-css-opacity\"\/>\n\n\n<p>Les versions 1.1a et 2.0.014 ne sont plus prises en charge depuis le 1<sup>er<\/sup> janvier 2017. Les offices des poursuites peuvent refuser les messages qui leur sont transmis dans ces versions.<\/p>\n<p>Sch\u00e9ma XML 1.1a (<a href=\"https:\/\/www.eschkg.ch\/wp-content\/uploads\/2018\/01\/eSchKG_Schema_1.1a.xsd\" target=\"_blank\" rel=\"noopener noreferrer\">XSD<\/a>)\u00a0 |\u00a0 Sch\u00e9ma XML 2.0.014 (<a href=\"https:\/\/www.eschkg.ch\/wp-content\/uploads\/2018\/01\/eSchKG_2.0.014.xsd\" target=\"_blank\" rel=\"noopener noreferrer\">XSD<\/a>)<\/p>\n\n\n<p><\/p>\n","protected":false},"excerpt":{"rendered":"<p>La version 2.1.01 n&#8217;est officiellement plus prise en charge depuis le 1er juillet 2025. Depuis cette date, les offices des poursuites sont habilit\u00e9s \u00e0 rejeter les d\u00e9clarations transmises dans ces versions. XML Schema 2.1.01 (XSD) | Manuels techniques 2.1.01 (PDF) Les versions 1.1a et 2.0.014 ne sont plus prises en charge depuis le 1er janvier &hellip; <a href=\"https:\/\/www.eschkg.ch\/?page_id=1076&#038;lang=fr\" class=\"more-link\"><span class=\"screen-reader-text\">\u201eVersions ant\u00e9rieures\u201c <\/span>weiterlesen<\/a><\/p>\n","protected":false},"author":1,"featured_media":0,"parent":0,"menu_order":0,"comment_status":"closed","ping_status":"closed","template":"","meta":{"inline_featured_image":false,"footnotes":""},"class_list":["post-1076","page","type-page","status-publish","hentry"],"_links":{"self":[{"href":"https:\/\/www.eschkg.ch\/index.php?rest_route=\/wp\/v2\/pages\/1076","targetHints":{"allow":["GET"]}}],"collection":[{"href":"https:\/\/www.eschkg.ch\/index.php?rest_route=\/wp\/v2\/pages"}],"about":[{"href":"https:\/\/www.eschkg.ch\/index.php?rest_route=\/wp\/v2\/types\/page"}],"author":[{"embeddable":true,"href":"https:\/\/www.eschkg.ch\/index.php?rest_route=\/wp\/v2\/users\/1"}],"replies":[{"embeddable":true,"href":"https:\/\/www.eschkg.ch\/index.php?rest_route=%2Fwp%2Fv2%2Fcomments&post=1076"}],"version-history":[{"count":5,"href":"https:\/\/www.eschkg.ch\/index.php?rest_route=\/wp\/v2\/pages\/1076\/revisions"}],"predecessor-version":[{"id":2882,"href":"https:\/\/www.eschkg.ch\/index.php?rest_route=\/wp\/v2\/pages\/1076\/revisions\/2882"}],"wp:attachment":[{"href":"https:\/\/www.eschkg.ch\/index.php?rest_route=%2Fwp%2Fv2%2Fmedia&parent=1076"}],"curies":[{"name":"wp","href":"https:\/\/api.w.org\/{rel}","templated":true}]}}