{"id":1101,"date":"2016-08-18T10:57:32","date_gmt":"2016-08-18T08:57:32","guid":{"rendered":"https:\/\/www.eschkg.ch\/?page_id=1101"},"modified":"2025-07-16T15:03:39","modified_gmt":"2025-07-16T13:03:39","slug":"bereitschaftsmeldung","status":"publish","type":"page","link":"https:\/\/www.eschkg.ch\/?page_id=1101&lang=fr","title":{"rendered":"Demande d\u2019activation"},"content":{"rendered":"<p><strong>Traitement de la demande<br \/>\n<\/strong>En signalant sa disponibilit\u00e9, le cr\u00e9ancier indique \u00e0 l&#8217;Office f\u00e9d\u00e9ral de la justice (OFJ) qu&#8217;il est pr\u00eat \u00e0 participer au r\u00e9seau e-LP et qu&#8217;il souhaite \u00eatre int\u00e9gr\u00e9 dans celui-ci. Apr\u00e8s la r\u00e9ception de cette d\u00e9claration, l&#8217;OFJ examine la demande et envoie au cr\u00e9ancier la convention e-LP accompagn\u00e9e d&#8217;une notification SN. Le cr\u00e9ancier doit signer cette convention de mani\u00e8re juridiquement valable. Dans le cas des entreprises, cette signature doit \u00eatre appos\u00e9e par une personne habilit\u00e9e \u00e0 signer conform\u00e9ment au registre du commerce, dans le cas des services administratifs, par le chef du service. La convention sign\u00e9e est renvoy\u00e9e en deux exemplaires \u00e0 l&#8217;Office f\u00e9d\u00e9ral de la justice.<\/p>\n<p>L&#8217;accord peut \u00eatre sign\u00e9 \u00e9lectroniquement. Pour cela, un certificat qualifi\u00e9 est toutefois n\u00e9cessaire. La signature peut \u00eatre v\u00e9rifi\u00e9e \u00e0 l&#8217;adresse <a href=\"https:\/\/www.validator.admin.ch\/\">www.validator.admin.ch<\/a>.<\/p>\n<p><strong>D\u00e9lai de traitement<br \/>\n<\/strong>La demande doit parvenir \u00e0 l\u2019OFJ au moins 2 semaines avant la date d\u2019activation souhait\u00e9e.<br \/>\nLa mise en service a lieu au plus t\u00f4t <u>apr\u00e8s<\/u> la signature de l&#8217;accord par les deux parties, si possible \u00e0 la date souhait\u00e9e.<\/p>\n<p>Lien vers le <a href=\"https:\/\/www.eschkg.ch\/?page_id=1103&#038;lang=fr\">formulaire demande d\u2019activation<\/a><\/p>\n","protected":false},"excerpt":{"rendered":"<p>Traitement de la demande En signalant sa disponibilit\u00e9, le cr\u00e9ancier indique \u00e0 l&#8217;Office f\u00e9d\u00e9ral de la justice (OFJ) qu&#8217;il est pr\u00eat \u00e0 participer au r\u00e9seau e-LP et qu&#8217;il souhaite \u00eatre int\u00e9gr\u00e9 dans celui-ci. Apr\u00e8s la r\u00e9ception de cette d\u00e9claration, l&#8217;OFJ examine la demande et envoie au cr\u00e9ancier la convention e-LP accompagn\u00e9e d&#8217;une notification SN. Le &hellip; <a href=\"https:\/\/www.eschkg.ch\/?page_id=1101&#038;lang=fr\" class=\"more-link\"><span class=\"screen-reader-text\">\u201eDemande d\u2019activation\u201c <\/span>weiterlesen<\/a><\/p>\n","protected":false},"author":1,"featured_media":0,"parent":0,"menu_order":0,"comment_status":"closed","ping_status":"closed","template":"","meta":{"inline_featured_image":false,"footnotes":""},"class_list":["post-1101","page","type-page","status-publish","hentry"],"_links":{"self":[{"href":"https:\/\/www.eschkg.ch\/index.php?rest_route=\/wp\/v2\/pages\/1101","targetHints":{"allow":["GET"]}}],"collection":[{"href":"https:\/\/www.eschkg.ch\/index.php?rest_route=\/wp\/v2\/pages"}],"about":[{"href":"https:\/\/www.eschkg.ch\/index.php?rest_route=\/wp\/v2\/types\/page"}],"author":[{"embeddable":true,"href":"https:\/\/www.eschkg.ch\/index.php?rest_route=\/wp\/v2\/users\/1"}],"replies":[{"embeddable":true,"href":"https:\/\/www.eschkg.ch\/index.php?rest_route=%2Fwp%2Fv2%2Fcomments&post=1101"}],"version-history":[{"count":5,"href":"https:\/\/www.eschkg.ch\/index.php?rest_route=\/wp\/v2\/pages\/1101\/revisions"}],"predecessor-version":[{"id":3039,"href":"https:\/\/www.eschkg.ch\/index.php?rest_route=\/wp\/v2\/pages\/1101\/revisions\/3039"}],"wp:attachment":[{"href":"https:\/\/www.eschkg.ch\/index.php?rest_route=%2Fwp%2Fv2%2Fmedia&parent=1101"}],"curies":[{"name":"wp","href":"https:\/\/api.w.org\/{rel}","templated":true}]}}