{"id":1155,"date":"2016-08-18T10:57:44","date_gmt":"2016-08-18T08:57:44","guid":{"rendered":"https:\/\/www.eschkg.ch\/?page_id=1155"},"modified":"2025-08-11T13:40:40","modified_gmt":"2025-08-11T11:40:40","slug":"hilfe-und-support","status":"publish","type":"page","link":"https:\/\/www.eschkg.ch\/?page_id=1155&lang=fr","title":{"rendered":"Aide et assistance technique"},"content":{"rendered":"\n<p><strong>e-LP<\/strong><br>Le meilleur moyen de nous contacter est par <a href=\"mailto:eschkg@bj.admin.ch\">courriel<\/a>.<\/p>\n\n\n\n<p><strong>Poursuites<\/strong><br>Les questions relatives aux poursuites engag\u00e9es via easygov sont trait\u00e9es sur le site web. Vous trouverez les coordonn\u00e9es et l&#8217;aide en bas de la page web <a href=\"https:\/\/www.easygov.swiss\/easygov\/#\/de\/betreibungen\">www.easygov.swiss &gt; Poursuites &gt; contact et assistance<\/a><\/p>\n\n\n\n<p><strong>sedex<\/strong><br>Pour toute les question concernant Sedex, tout les probl\u00e8me technique avec le client Sedex ou tout les rapport relatif aux preuves de connexion, veuillez vous rendre sur cette page web.<br><a href=\"https:\/\/www.bfs.admin.ch\/bfs\/de\/home\/register\/personenregister\/sedex.html\">https:\/\/www.bfs.admin.ch\/bfs\/de\/home\/register\/personenregister\/sedex.html<\/a><\/p>\n\n\n\n<p><strong>MessageHandler<\/strong><br>Pour toute les questions concernant MessageHandler, les probl\u00e8mes techniques ou les param\u00e8tres de configuration, veuillez vous rendre sur cette page Web<br><a href=\"https:\/\/oewiki.atlassian.net\/wiki\/spaces\/openegovdoc\/pages\/1019682\/Kontakt\">https:\/\/oewiki.atlassian.net\/wiki\/spaces\/openegovdoc\/pages\/1019682\/Kontakt<\/a><\/p>\n","protected":false},"excerpt":{"rendered":"<p>e-LPLe meilleur moyen de nous contacter est par courriel. PoursuitesLes questions relatives aux poursuites engag\u00e9es via easygov sont trait\u00e9es sur le site web. Vous trouverez les coordonn\u00e9es et l&#8217;aide en bas de la page web www.easygov.swiss &gt; Poursuites &gt; contact et assistance sedexPour toute les question concernant Sedex, tout les probl\u00e8me technique avec le client &hellip; <a href=\"https:\/\/www.eschkg.ch\/?page_id=1155&#038;lang=fr\" class=\"more-link\"><span class=\"screen-reader-text\">\u201eAide et assistance technique\u201c <\/span>weiterlesen<\/a><\/p>\n","protected":false},"author":1,"featured_media":0,"parent":0,"menu_order":0,"comment_status":"closed","ping_status":"closed","template":"template-sidebar.php","meta":{"inline_featured_image":false,"footnotes":""},"class_list":["post-1155","page","type-page","status-publish","hentry"],"_links":{"self":[{"href":"https:\/\/www.eschkg.ch\/index.php?rest_route=\/wp\/v2\/pages\/1155","targetHints":{"allow":["GET"]}}],"collection":[{"href":"https:\/\/www.eschkg.ch\/index.php?rest_route=\/wp\/v2\/pages"}],"about":[{"href":"https:\/\/www.eschkg.ch\/index.php?rest_route=\/wp\/v2\/types\/page"}],"author":[{"embeddable":true,"href":"https:\/\/www.eschkg.ch\/index.php?rest_route=\/wp\/v2\/users\/1"}],"replies":[{"embeddable":true,"href":"https:\/\/www.eschkg.ch\/index.php?rest_route=%2Fwp%2Fv2%2Fcomments&post=1155"}],"version-history":[{"count":5,"href":"https:\/\/www.eschkg.ch\/index.php?rest_route=\/wp\/v2\/pages\/1155\/revisions"}],"predecessor-version":[{"id":3074,"href":"https:\/\/www.eschkg.ch\/index.php?rest_route=\/wp\/v2\/pages\/1155\/revisions\/3074"}],"wp:attachment":[{"href":"https:\/\/www.eschkg.ch\/index.php?rest_route=%2Fwp%2Fv2%2Fmedia&parent=1155"}],"curies":[{"name":"wp","href":"https:\/\/api.w.org\/{rel}","templated":true}]}}