{"id":1339,"date":"2019-02-13T17:47:37","date_gmt":"2019-02-13T16:47:37","guid":{"rendered":"https:\/\/www.eschkg.ch\/?page_id=1339"},"modified":"2025-07-16T15:05:09","modified_gmt":"2025-07-16T13:05:09","slug":"richiesta-di-attivazione-2","status":"publish","type":"page","link":"https:\/\/www.eschkg.ch\/?page_id=1339&lang=it","title":{"rendered":"Richiesta di attivazione"},"content":{"rendered":"<p><strong>Procedura per la richiesta di attivazione<\/strong><\/p>\n<p>Con la richiesta di attivazione, il creditore comunica all&#8217;Ufficio federale di giustizia (UFG) che \u00e8 pronto per l&#8217;attivit\u00e0 operativa e desidera essere inserito nella rete e-LEF. Dopo aver ricevuto la dichiarazione di disponibilit\u00e0, l&#8217;UFG esamina la domanda e invia al creditore la convenzione e-LEF con una notifica SN. Il creditore deve firmare la convenzione in modo legalmente valido. Nel caso delle societ\u00e0, la firma deve essere apposta da una persona autorizzata a firmare ai sensi del registro di commercio, nel caso degli uffici pubblici dal responsabile dell&#8217;ufficio. L&#8217;accordo firmato viene rispedito in due copie all&#8217;Ufficio federale di giustizia.<\/p>\n<p>L&#8217;accordo pu\u00f2 essere firmato elettronicamente. A tal fine \u00e8 tuttavia necessario un certificato qualificato. La firma pu\u00f2 essere verificata all&#8217;indirizzo <a href=\"https:\/\/www.validator.admin.ch\/\">www.validator.admin.ch<\/a>.<\/p>\n<p><strong>Termine di trattamento<\/strong><br \/>\nLa richiesta di attivazione deve pervenire all\u2019UFG almeno due settimane prima della data di attivazione auspicata.<\/p>\n<p>L&#8217;attivazione avviene al pi\u00f9 presto <u>dopo<\/u> la firma dell&#8217;accordo da entrambe le parti, se possibile alla data desiderata.<\/p>\n<p>Link al <a href=\"https:\/\/www.eschkg.ch?page_id=1327&amp;lang=it\">Modulo di disponibilit\u00e0<\/a><\/p>\n","protected":false},"excerpt":{"rendered":"<p>Procedura per la richiesta di attivazione Con la richiesta di attivazione, il creditore comunica all&#8217;Ufficio federale di giustizia (UFG) che \u00e8 pronto per l&#8217;attivit\u00e0 operativa e desidera essere inserito nella rete e-LEF. Dopo aver ricevuto la dichiarazione di disponibilit\u00e0, l&#8217;UFG esamina la domanda e invia al creditore la convenzione e-LEF con una notifica SN. Il &hellip; <a href=\"https:\/\/www.eschkg.ch\/?page_id=1339&#038;lang=it\" class=\"more-link\"><span class=\"screen-reader-text\">\u201eRichiesta di attivazione\u201c <\/span>weiterlesen<\/a><\/p>\n","protected":false},"author":7,"featured_media":0,"parent":0,"menu_order":0,"comment_status":"closed","ping_status":"closed","template":"","meta":{"inline_featured_image":false,"footnotes":""},"class_list":["post-1339","page","type-page","status-publish","hentry"],"_links":{"self":[{"href":"https:\/\/www.eschkg.ch\/index.php?rest_route=\/wp\/v2\/pages\/1339","targetHints":{"allow":["GET"]}}],"collection":[{"href":"https:\/\/www.eschkg.ch\/index.php?rest_route=\/wp\/v2\/pages"}],"about":[{"href":"https:\/\/www.eschkg.ch\/index.php?rest_route=\/wp\/v2\/types\/page"}],"author":[{"embeddable":true,"href":"https:\/\/www.eschkg.ch\/index.php?rest_route=\/wp\/v2\/users\/7"}],"replies":[{"embeddable":true,"href":"https:\/\/www.eschkg.ch\/index.php?rest_route=%2Fwp%2Fv2%2Fcomments&post=1339"}],"version-history":[{"count":5,"href":"https:\/\/www.eschkg.ch\/index.php?rest_route=\/wp\/v2\/pages\/1339\/revisions"}],"predecessor-version":[{"id":3040,"href":"https:\/\/www.eschkg.ch\/index.php?rest_route=\/wp\/v2\/pages\/1339\/revisions\/3040"}],"wp:attachment":[{"href":"https:\/\/www.eschkg.ch\/index.php?rest_route=%2Fwp%2Fv2%2Fmedia&parent=1339"}],"curies":[{"name":"wp","href":"https:\/\/api.w.org\/{rel}","templated":true}]}}