{"id":2962,"date":"2025-07-10T15:52:44","date_gmt":"2025-07-10T13:52:44","guid":{"rendered":"https:\/\/www.eschkg.ch\/?page_id=2962"},"modified":"2025-07-16T11:24:53","modified_gmt":"2025-07-16T09:24:53","slug":"signalement-des-mutations","status":"publish","type":"page","link":"https:\/\/www.eschkg.ch\/?page_id=2962&lang=fr","title":{"rendered":"Signalement des mutations"},"content":{"rendered":"\n<p>Afin de garantir le bon fonctionnement du r\u00e9seau e-LP, nous avons besoin d&#8217;informations actualis\u00e9es et donc de votre aide.<\/p>\n\n\n\n<p><strong>Coordonn\u00e9es<\/strong><\/p>\n\n\n\n<p>Nous conservons les coordonn\u00e9es ainsi qu&#8217;un contact administratif et technique pour chaque participant \u00e0 l&#8217;e-LP.<\/p>\n\n\n\n<p>Veuillez nous signaler rapidement tout les changement d&#8217;adresse ou de personnel.<\/p>\n\n\n\n<p><strong>Personne responsable des questions administratives<\/strong><\/p>\n\n\n\n<p>Repr\u00e9sentation de l&#8217;organisation du participant e-LP:<\/p>\n\n\n\n<ul class=\"wp-block-list\">\n<li>Responsable du respect des directives e-LP conform\u00e9ment \u00e0 l&#8217;ordonnance du OFJ sur la communication \u00e9lectronique dans le domaine des poursuites.<\/li>\n\n\n\n<li>Se concerte avec la personne responsable sur le plan technique.<\/li>\n\n\n\n<li>Est l&#8217;interlocuteur pour les questions financi\u00e8res.<\/li>\n<\/ul>\n\n\n\n<p><strong>Personne responsable de la repr\u00e9sentation technique<\/strong><\/p>\n\n\n\n<p>de l&#8217;exploitant du participant \u00e0 l&#8217;e-LP:<\/p>\n\n\n\n<ul class=\"wp-block-list\">\n<li>Responsable de l&#8217;exploitation du client sedex et, le cas \u00e9ch\u00e9ant, du MessageHandler.<\/li>\n\n\n\n<li>Re\u00e7oit le mot de passe \u00e0 usage unique (OTP) et le Certificate Request Identifier (CRID) pour la premi\u00e8re installation du client sedex. Un num\u00e9ro de t\u00e9l\u00e9phone portable est n\u00e9cessaire \u00e0 cet effet.<\/li>\n<\/ul>\n\n\n\n<p><strong>Adresse de facturation<\/strong><\/p>\n\n\n\n<p>Veuillez nous signaler toute modification de l&#8217;adresse de facturation ou nous informer si vous souhaitez recevoir une facture \u00e9lectronique. Pour ce faire, inscrivez-vous sur la page<a href=\"https:\/\/www.efv.admin.ch\/efv\/de\/home\/efv\/erechnung\/pdf-rg-mail.html\"> Inscription pour la r\u00e9ception de factures PDF par e-mail.<\/a><\/p>\n\n\n\n<p><strong>Fusions<\/strong><\/p>\n\n\n\n<p>Veuillez nous signaler les fusions le plus t\u00f4t possible par <a href=\"eschkg@bj.admin.ch\" data-type=\"link\" data-id=\"eschkg@bj.admin.ch\">e-mail<\/a>.<\/p>\n\n\n\n<p>Nous avons besoin de la d\u00e9cision d&#8217;un organisme officiel de la part des offices des poursuites.<\/p>\n\n\n\n<p>Les fusions d&#8217;offices sont publi\u00e9es sur notre site web : <a href=\"https:\/\/www.eschkg.ch\/?page_id=642\">e-LP &#8211;&gt; Fusions<\/a>. De plus, nous informons tous les cr\u00e9anciers au moyen d&#8217;un message SN.<\/p>\n","protected":false},"excerpt":{"rendered":"<p>Afin de garantir le bon fonctionnement du r\u00e9seau e-LP, nous avons besoin d&#8217;informations actualis\u00e9es et donc de votre aide. Coordonn\u00e9es Nous conservons les coordonn\u00e9es ainsi qu&#8217;un contact administratif et technique pour chaque participant \u00e0 l&#8217;e-LP. Veuillez nous signaler rapidement tout les changement d&#8217;adresse ou de personnel. Personne responsable des questions administratives Repr\u00e9sentation de l&#8217;organisation du &hellip; <a href=\"https:\/\/www.eschkg.ch\/?page_id=2962&#038;lang=fr\" class=\"more-link\"><span class=\"screen-reader-text\">\u201eSignalement des mutations\u201c <\/span>weiterlesen<\/a><\/p>\n","protected":false},"author":12,"featured_media":0,"parent":0,"menu_order":0,"comment_status":"closed","ping_status":"closed","template":"","meta":{"inline_featured_image":false,"footnotes":""},"class_list":["post-2962","page","type-page","status-publish","hentry"],"_links":{"self":[{"href":"https:\/\/www.eschkg.ch\/index.php?rest_route=\/wp\/v2\/pages\/2962","targetHints":{"allow":["GET"]}}],"collection":[{"href":"https:\/\/www.eschkg.ch\/index.php?rest_route=\/wp\/v2\/pages"}],"about":[{"href":"https:\/\/www.eschkg.ch\/index.php?rest_route=\/wp\/v2\/types\/page"}],"author":[{"embeddable":true,"href":"https:\/\/www.eschkg.ch\/index.php?rest_route=\/wp\/v2\/users\/12"}],"replies":[{"embeddable":true,"href":"https:\/\/www.eschkg.ch\/index.php?rest_route=%2Fwp%2Fv2%2Fcomments&post=2962"}],"version-history":[{"count":3,"href":"https:\/\/www.eschkg.ch\/index.php?rest_route=\/wp\/v2\/pages\/2962\/revisions"}],"predecessor-version":[{"id":3010,"href":"https:\/\/www.eschkg.ch\/index.php?rest_route=\/wp\/v2\/pages\/2962\/revisions\/3010"}],"wp:attachment":[{"href":"https:\/\/www.eschkg.ch\/index.php?rest_route=%2Fwp%2Fv2%2Fmedia&parent=2962"}],"curies":[{"name":"wp","href":"https:\/\/api.w.org\/{rel}","templated":true}]}}