{"id":2970,"date":"2025-07-10T18:08:47","date_gmt":"2025-07-10T16:08:47","guid":{"rendered":"https:\/\/www.eschkg.ch\/?page_id=2970"},"modified":"2025-07-16T18:52:32","modified_gmt":"2025-07-16T16:52:32","slug":"newsletter","status":"publish","type":"page","link":"https:\/\/www.eschkg.ch\/?page_id=2970&lang=fr","title":{"rendered":"Newsletter"},"content":{"rendered":"\n<p>s&#8217;inscrire ici<\/p>\n\n\n\n<div class=\"tnp tnp-subscription \">\n<form method=\"post\" action=\"https:\/\/www.eschkg.ch\/wp-admin\/admin-ajax.php?action=tnp&amp;na=s\">\n<input type=\"hidden\" name=\"nlang\" value=\"de\">\n<div class=\"tnp-field tnp-field-firstname\"><label for=\"tnp-1\">Vorname<\/label>\n<input class=\"tnp-name\" type=\"text\" name=\"nn\" id=\"tnp-1\" value=\"\" placeholder=\"\" required><\/div>\n<div class=\"tnp-field tnp-field-surname\"><label for=\"tnp-2\">Nachname<\/label>\n<input class=\"tnp-surname\" type=\"text\" name=\"ns\" id=\"tnp-2\" value=\"\" placeholder=\"\" required><\/div><div class=\"tnp-field tnp-field-email\"><label for=\"tnp-3\">E-Mail-Adresse<\/label>\n<input class=\"tnp-email\" type=\"email\" name=\"ne\" id=\"tnp-3\" value=\"\" placeholder=\"\" required><\/div>\n<div class=\"tnp-field tnp-field-button\" style=\"text-align: left\"><input class=\"tnp-submit\" type=\"submit\" value=\"Abonnieren\" style=\"\">\n<\/div>\n<\/form>\n<\/div>\n\n\n\n\n<p>Vos donn\u00e9es seront utilis\u00e9es exclusivement pour l&#8217;envoi de la newsletter e-PL. Vous pouvez vous d\u00e9sabonner \u00e0 tout moment.<\/p>\n","protected":false},"excerpt":{"rendered":"<p>s&#8217;inscrire ici Vos donn\u00e9es seront utilis\u00e9es exclusivement pour l&#8217;envoi de la newsletter e-PL. Vous pouvez vous d\u00e9sabonner \u00e0 tout moment.<\/p>\n","protected":false},"author":1,"featured_media":0,"parent":0,"menu_order":0,"comment_status":"closed","ping_status":"closed","template":"","meta":{"inline_featured_image":false,"footnotes":""},"class_list":["post-2970","page","type-page","status-publish","hentry"],"_links":{"self":[{"href":"https:\/\/www.eschkg.ch\/index.php?rest_route=\/wp\/v2\/pages\/2970","targetHints":{"allow":["GET"]}}],"collection":[{"href":"https:\/\/www.eschkg.ch\/index.php?rest_route=\/wp\/v2\/pages"}],"about":[{"href":"https:\/\/www.eschkg.ch\/index.php?rest_route=\/wp\/v2\/types\/page"}],"author":[{"embeddable":true,"href":"https:\/\/www.eschkg.ch\/index.php?rest_route=\/wp\/v2\/users\/1"}],"replies":[{"embeddable":true,"href":"https:\/\/www.eschkg.ch\/index.php?rest_route=%2Fwp%2Fv2%2Fcomments&post=2970"}],"version-history":[{"count":3,"href":"https:\/\/www.eschkg.ch\/index.php?rest_route=\/wp\/v2\/pages\/2970\/revisions"}],"predecessor-version":[{"id":3042,"href":"https:\/\/www.eschkg.ch\/index.php?rest_route=\/wp\/v2\/pages\/2970\/revisions\/3042"}],"wp:attachment":[{"href":"https:\/\/www.eschkg.ch\/index.php?rest_route=%2Fwp%2Fv2%2Fmedia&parent=2970"}],"curies":[{"name":"wp","href":"https:\/\/api.w.org\/{rel}","templated":true}]}}