{"id":2981,"date":"2025-07-15T10:49:09","date_gmt":"2025-07-15T08:49:09","guid":{"rendered":"https:\/\/www.eschkg.ch\/?page_id=2981"},"modified":"2025-07-15T10:49:11","modified_gmt":"2025-07-15T08:49:11","slug":"informations-detaillees-sur-les-poursuites","status":"publish","type":"page","link":"https:\/\/www.eschkg.ch\/?page_id=2981&lang=fr","title":{"rendered":"Informations d\u00e9taill\u00e9es sur les poursuites"},"content":{"rendered":"\n<p>La Conf\u00e9rence des pr\u00e9pos\u00e9s aux poursuites et faillites de Suisse vous fournit des\u00a0<a href=\"https:\/\/www.poursuite-faillite-offic.ch\/fr\/informations\/poursuite\/\" target=\"_blank\" rel=\"noreferrer noopener\">informations d\u00e9taill\u00e9es sur les poursuites<\/a>.<\/p>\n\n\n\n<p><\/p>\n","protected":false},"excerpt":{"rendered":"<p>La Conf\u00e9rence des pr\u00e9pos\u00e9s aux poursuites et faillites de Suisse vous fournit des\u00a0informations d\u00e9taill\u00e9es sur les poursuites.<\/p>\n","protected":false},"author":9,"featured_media":0,"parent":0,"menu_order":0,"comment_status":"closed","ping_status":"closed","template":"","meta":{"inline_featured_image":false,"footnotes":""},"class_list":["post-2981","page","type-page","status-publish","hentry"],"_links":{"self":[{"href":"https:\/\/www.eschkg.ch\/index.php?rest_route=\/wp\/v2\/pages\/2981","targetHints":{"allow":["GET"]}}],"collection":[{"href":"https:\/\/www.eschkg.ch\/index.php?rest_route=\/wp\/v2\/pages"}],"about":[{"href":"https:\/\/www.eschkg.ch\/index.php?rest_route=\/wp\/v2\/types\/page"}],"author":[{"embeddable":true,"href":"https:\/\/www.eschkg.ch\/index.php?rest_route=\/wp\/v2\/users\/9"}],"replies":[{"embeddable":true,"href":"https:\/\/www.eschkg.ch\/index.php?rest_route=%2Fwp%2Fv2%2Fcomments&post=2981"}],"version-history":[{"count":1,"href":"https:\/\/www.eschkg.ch\/index.php?rest_route=\/wp\/v2\/pages\/2981\/revisions"}],"predecessor-version":[{"id":2982,"href":"https:\/\/www.eschkg.ch\/index.php?rest_route=\/wp\/v2\/pages\/2981\/revisions\/2982"}],"wp:attachment":[{"href":"https:\/\/www.eschkg.ch\/index.php?rest_route=%2Fwp%2Fv2%2Fmedia&parent=2981"}],"curies":[{"name":"wp","href":"https:\/\/api.w.org\/{rel}","templated":true}]}}