{"id":6,"date":"2016-08-18T10:44:37","date_gmt":"2016-08-18T08:44:37","guid":{"rendered":"http:\/\/eschkg.ch.80-74-146-216.ashley.xelon.ch\/?page_id=6"},"modified":"2020-04-28T08:48:34","modified_gmt":"2020-04-28T06:48:34","slug":"eschkg-projekt","status":"publish","type":"page","link":"https:\/\/www.eschkg.ch\/","title":{"rendered":"eSchKG Standard"},"content":{"rendered":"<p><strong>Quick Links<\/strong><\/p>\n<p>\n<table id=\"tablepress-14\" class=\"tablepress tablepress-id-14\">\n<tbody>\n<tr class=\"row-1\">\n\t<td class=\"column-1\">Teilnehmer anmelden <a href=\"https:\/\/www.eschkg.ch?page_id=54\">online Formular<\/a><\/td>\n<\/tr>\n<tr class=\"row-2\">\n\t<td class=\"column-1\">Bereitschaft melden <a href=\"https:\/\/www.eschkg.ch?page_id=546\">online Formular<\/a><\/td>\n<\/tr>\n<tr class=\"row-3\">\n\t<td class=\"column-1\">Teilnehmerverzeichnis <a href=\"https:\/\/www.eschkg.ch?page_id=858\">Download<\/a><\/td>\n<\/tr>\n<tr class=\"row-4\">\n\t<td class=\"column-1\">User Group <a href=\"https:\/\/www.eschkg.ch?page_id=74\">N\u00e4chste Sitzung<\/a><\/td>\n<\/tr>\n<tr class=\"row-5\">\n\t<td class=\"column-1\">eSchKG 2.2.01 <a href=\"https:\/\/www.eschkg.ch\/?page_id=949\">Dokumentation<\/a><\/td>\n<\/tr>\n<tr class=\"row-6\">\n\t<td class=\"column-1\">eSchKG 2.2.01 <a href=\"https:\/\/www.eschkg.ch\/?page_id=1620\">Gepr\u00fcfte Software-Anbieter<\/a><\/td>\n<\/tr>\n<\/tbody>\n<\/table>\n<!-- #tablepress-14 from cache --><br \/>\n<strong>eSchKG ist ein Standard f\u00fcr den Austausch von elektronischen Betreibungsdaten zwischen nat\u00fcrlichen Personen, juristischen Personen des privaten und des \u00f6ffentlichen Rechts sowie Betreibungs\u00e4mtern. Die eSchKG Norm umfasst ein XML Schema sowie ein technisches Handbuch.<\/strong><\/p>\n<p>Das Bundesamt f\u00fcr Justiz entwickelt den eSchKG Standard seit 2006 in enger Zusammenarbeit mit Betreibungs\u00e4mtern und der Privatwirtschaft.<\/p>\n","protected":false},"excerpt":{"rendered":"<p>Quick Links eSchKG ist ein Standard f\u00fcr den Austausch von elektronischen Betreibungsdaten zwischen nat\u00fcrlichen Personen, juristischen Personen des privaten und des \u00f6ffentlichen Rechts sowie Betreibungs\u00e4mtern. Die eSchKG Norm umfasst ein XML Schema sowie ein technisches Handbuch. Das Bundesamt f\u00fcr Justiz entwickelt den eSchKG Standard seit 2006 in enger Zusammenarbeit mit Betreibungs\u00e4mtern und der Privatwirtschaft.<\/p>\n","protected":false},"author":1,"featured_media":0,"parent":0,"menu_order":0,"comment_status":"closed","ping_status":"closed","template":"","meta":{"inline_featured_image":false,"footnotes":""},"class_list":["post-6","page","type-page","status-publish","hentry"],"_links":{"self":[{"href":"https:\/\/www.eschkg.ch\/index.php?rest_route=\/wp\/v2\/pages\/6","targetHints":{"allow":["GET"]}}],"collection":[{"href":"https:\/\/www.eschkg.ch\/index.php?rest_route=\/wp\/v2\/pages"}],"about":[{"href":"https:\/\/www.eschkg.ch\/index.php?rest_route=\/wp\/v2\/types\/page"}],"author":[{"embeddable":true,"href":"https:\/\/www.eschkg.ch\/index.php?rest_route=\/wp\/v2\/users\/1"}],"replies":[{"embeddable":true,"href":"https:\/\/www.eschkg.ch\/index.php?rest_route=%2Fwp%2Fv2%2Fcomments&post=6"}],"version-history":[{"count":5,"href":"https:\/\/www.eschkg.ch\/index.php?rest_route=\/wp\/v2\/pages\/6\/revisions"}],"predecessor-version":[{"id":1676,"href":"https:\/\/www.eschkg.ch\/index.php?rest_route=\/wp\/v2\/pages\/6\/revisions\/1676"}],"wp:attachment":[{"href":"https:\/\/www.eschkg.ch\/index.php?rest_route=%2Fwp%2Fv2%2Fmedia&parent=6"}],"curies":[{"name":"wp","href":"https:\/\/api.w.org\/{rel}","templated":true}]}}