{"id":72,"date":"2016-08-18T11:00:38","date_gmt":"2016-08-18T09:00:38","guid":{"rendered":"http:\/\/eschkg.ch.80-74-146-216.ashley.xelon.ch\/?page_id=72"},"modified":"2017-03-25T17:38:03","modified_gmt":"2017-03-25T16:38:03","slug":"schkg-und-eschkg","status":"publish","type":"page","link":"https:\/\/www.eschkg.ch\/?page_id=72","title":{"rendered":"SchKG und eSchKG"},"content":{"rendered":"<p><strong>SchKG<\/strong> ist die Kurzbezeichnung f\u00fcr das Bundesgesetz \u00fcber Schuldbetreibung und Konkurs (<a href=\"http:\/\/www.admin.ch\/ch\/d\/sr\/c281_1.html\" target=\"_blank\">SR 281.1<\/a>). Ansprechpartnerin f\u00fcr rechtliche Fragen rund um das SchKG ist die Dienststelle Oberaufsicht SchKG im Bundesamt f\u00fcr Justiz BJ.<\/p>\n<p>Link auf <a href=\"https:\/\/www.bj.admin.ch\/bj\/de\/home\/wirtschaft\/schkg\/rechtsgrundlagen.html\" target=\"_blank\">gesetzliche Grundlagen zum SchKG<\/a>.<\/p>\n<p><strong>eSchKG<\/strong> ist ein Innovationsprojekt des Bundesamtes f\u00fcr Justiz BJ. Was mit neuen Technologien machbar und erlaubt ist, h\u00e4ngt direkt von den Bestimmungen im SchKG ab. In der Verordnung des EJPD \u00fcber die elektronische \u00dcbermittlung im Bereich Schuldbetreibung und Konkurs finden sich die speziellen Bestimmungen im Zusammenhang mit dem eSchKG Verbund (&#8222;eSchKG Verordnung&#8220; <a href=\"http:\/\/www.admin.ch\/ch\/d\/sr\/c281_112_1.html\" target=\"_blank\">SR 281.112.1<\/a>). Ansprechpartner f\u00fcr Fragen rund um das Projekt eSchKG ist die Projektleitung eSchKG im Bundesamt f\u00fcr Justiz BJ.<\/p>\n<p><strong>eSchKG &#8211; eine Revolution?<\/strong><br \/>\nNicht alles, was technisch m\u00f6glich w\u00e4re, darf im bestehenden gesetzlichen Rahmen umgesetzt werden. Beispielsweise d\u00fcrfen die Betreibungs\u00e4mter Verlustscheine nicht in digitaler Form ausstellen. Solche &#8222;Innovationen&#8220; w\u00fcrden einen \u00c4nderung des SchKG bedingen.<\/p>\n","protected":false},"excerpt":{"rendered":"<p>SchKG ist die Kurzbezeichnung f\u00fcr das Bundesgesetz \u00fcber Schuldbetreibung und Konkurs (SR 281.1). Ansprechpartnerin f\u00fcr rechtliche Fragen rund um das SchKG ist die Dienststelle Oberaufsicht SchKG im Bundesamt f\u00fcr Justiz BJ. Link auf gesetzliche Grundlagen zum SchKG. eSchKG ist ein Innovationsprojekt des Bundesamtes f\u00fcr Justiz BJ. Was mit neuen Technologien machbar und erlaubt ist, h\u00e4ngt &hellip; <a href=\"https:\/\/www.eschkg.ch\/?page_id=72\" class=\"more-link\"><span class=\"screen-reader-text\">\u201eSchKG und eSchKG\u201c <\/span>weiterlesen<\/a><\/p>\n","protected":false},"author":1,"featured_media":0,"parent":0,"menu_order":0,"comment_status":"closed","ping_status":"closed","template":"","meta":{"inline_featured_image":false,"footnotes":""},"class_list":["post-72","page","type-page","status-publish","hentry"],"_links":{"self":[{"href":"https:\/\/www.eschkg.ch\/index.php?rest_route=\/wp\/v2\/pages\/72","targetHints":{"allow":["GET"]}}],"collection":[{"href":"https:\/\/www.eschkg.ch\/index.php?rest_route=\/wp\/v2\/pages"}],"about":[{"href":"https:\/\/www.eschkg.ch\/index.php?rest_route=\/wp\/v2\/types\/page"}],"author":[{"embeddable":true,"href":"https:\/\/www.eschkg.ch\/index.php?rest_route=\/wp\/v2\/users\/1"}],"replies":[{"embeddable":true,"href":"https:\/\/www.eschkg.ch\/index.php?rest_route=%2Fwp%2Fv2%2Fcomments&post=72"}],"version-history":[{"count":5,"href":"https:\/\/www.eschkg.ch\/index.php?rest_route=\/wp\/v2\/pages\/72\/revisions"}],"predecessor-version":[{"id":732,"href":"https:\/\/www.eschkg.ch\/index.php?rest_route=\/wp\/v2\/pages\/72\/revisions\/732"}],"wp:attachment":[{"href":"https:\/\/www.eschkg.ch\/index.php?rest_route=%2Fwp%2Fv2%2Fmedia&parent=72"}],"curies":[{"name":"wp","href":"https:\/\/api.w.org\/{rel}","templated":true}]}}